{"id":132844,"date":"2020-08-05T11:46:07","date_gmt":"2020-08-05T16:46:07","guid":{"rendered":"https:\/\/www.petersons.com\/testprep\/?post_type=product&#038;p=132844"},"modified":"2025-12-17T10:49:32","modified_gmt":"2025-12-17T15:49:32","slug":"examenes-de-practica-del-ged-en-espanol","status":"publish","type":"product","link":"https:\/\/www.petersons.com\/testprep\/product\/examenes-de-practica-del-ged-en-espanol\/","title":{"rendered":"Ex\u00e1menes de Pr\u00e1ctica del GED en Espa\u00f1ol"},"content":{"rendered":"","protected":false},"excerpt":{"rendered":"<p>The GED test provides anyone over the age of 16 and not enrolled in high school the opportunity to earn a certificate or diploma that is recognized as the equivalent of a high school diploma.<\/p>\n<ul>\n<li>Study for the GED with Peterson&#8217;s, and earn your best score.<\/li>\n<li>Practice tests can help you go into test day with confidence.<\/li>\n<\/ul>\n","protected":false},"featured_media":8208,"comment_status":"open","ping_status":"closed","template":"","meta":{"_acf_changed":false,"inline_featured_image":false,"_glsr_average":0,"_glsr_ranking":0,"_glsr_reviews":0,"footnotes":""},"app":[],"product_brand":[],"product_cat":[60,20,105,232],"product_tag":[59,175,136],"class_list":{"0":"post-132844","1":"product","2":"type-product","3":"status-publish","4":"has-post-thumbnail","6":"product_cat-ged","7":"product_cat-high-school-entrance-exams","8":"product_cat-high-school-equivalency-exams","9":"product_cat-high-school-test-prep","10":"product_tag-ged","11":"product_tag-high-school","12":"product_tag-spanish","14":"first","15":"instock","16":"virtual","17":"sold-individually","18":"purchasable","19":"product-type-simple"},"app_taxonomies":[],"acf":{"app_thumbnail":"","app_image":"","app_description":"","app_details":null,"brightspace_course_id":"503680","is_online":true,"app_square_thumbnail":"","short_app_description":"","subscription_card_title_one":"","subscription_card_description_one":"","subscription_card_interval_one":"","subscription_card_list_one":null,"subscription_card_title_three":"","subscription_card_description_three":"","subscription_card_interval_three":"","subscription_card_list_three":null,"subscription_card_title_six":"","subscription_card_description_six":"","subscription_card_interval_six":"","subscription_card_list_six":null,"select_template":"flex","flex_content":[{"acf_fc_layout":"flex_hero_section","flex_hero_new":{"flex_hero_new_font_color":"","flex_hero_new_title":"\u00a1PREP\u00c1RESE PARA LA \r\nUNIVERSIDAD CON EL PLAN DE \r\nESTUDIO DEL GED EN \r\nESPA\u00d1OL PETERSON!","flex_hero_new_text":"El \u00e9xito comienza aqu\u00ed.","flex_hero_new_content":"Tome ex\u00e1menes de pr\u00e1ctica para ayudarle a aprobar el GED en espa\u00f1ol","flex_hero_new_button_primary":"Empieza ahora","flex_hero_new_button_primary_url":"https:\/\/www.petersons.com\/testprep\/subscribe\/","flex_hero_new_button_secondary":"","flex_hero_new_button_secondary_url":"","flex_hero_new_background_image":295622,"flex_hero_new_background_image_mobile":295624,"flex_hero_new_has_hubspot_form":false,"flex_hero_new_hubspot_region":"","flex_hero_new_hubspot_portal_id":"","flex_hero_new_hubspot_form_id":""}},{"acf_fc_layout":"flex_subscriptions_v2_section","subscriptions_v2_heading":"Choose the plan that fits your timeline","subscriptions_v2_description":"Most students need 8-12 weeks of preparation to reach their target score.","subscriptions_v2_title":"Precios","subscriptions_v2_subtitle":"Flexible","subscriptions_v2_content":"Nuestro curso de preparaci\u00f3n para el examen GED en espa\u00f1ol incluye:","subscriptions_v2_list":[{"subscriptions_v2_list_item":"Un ex\u00e1men diagn\u00f3stico completo"},{"subscriptions_v2_list_item":"Tres ex\u00e1menes de pr\u00e1ctica en l\u00ednea del GED en espa\u00f1ol "},{"subscriptions_v2_list_item":"Ex\u00e1menes de pr\u00e1ctica que cubren cada secci\u00f3n del GED espa\u00f1ol"},{"subscriptions_v2_list_item":"An\u00e1lisis detallado de preguntas y respuestas"}],"subscriptions_v2_subscriptions":true,"subscriptions_v2_json":"{\r\n  \"subscriptions\": [\r\n    {\r\n      \"title\": \"1 Month Subscription\",\r\n      \"price\": \"$49\",\r\n      \"note\": \"Billed every month\",\r\n      \"action\": {\r\n        \"text\": \"Start Now\",\r\n        \"url\": \"https:\/\/www.petersons.com\/testprep\/checkout\/?add-to-cart=49416&variation_id=49418\"\r\n      },\r\n      \"included\": [\r\n        {\r\n          \"text\": \"Access to 250+ Courses\"\r\n        },\r\n        {\r\n          \"text\": \"Free Test Prep App\"\r\n        },\r\n        {\r\n          \"text\": \"Personalized Onboarding\"\r\n        },\r\n        {\r\n          \"text\": \"Month-to-Month Access\"\r\n        }\r\n      ]\r\n    },\r\n    {\r\n      \"title\": \"3 Month Subscription\",\r\n      \"price\": \"$45\",\r\n      \"note\": \"Billed every 3 months\",\r\n      \"discount\": \"Save $12\",\r\n      \"testimonial\": \"The 3-month plan helped me reach the goal score.\",\r\n      \"action\": {\r\n        \"text\": \"Start Now\",\r\n        \"url\": \"https:\/\/www.petersons.com\/testprep\/checkout\/?add-to-cart=49416&variation_id=49420\"\r\n      },\r\n      \"included\": [\r\n        {\r\n          \"text\": \"Includes Everything in 1-Month Subscription\"\r\n        },\r\n        {\r\n          \"star\": true,\r\n          \"text\": \"90 Minutes of Live, Online Tutoring\"\r\n        },\r\n        {\r\n          \"star\": true,\r\n          \"text\": \"1 Writing or Essay Review Each Month\"\r\n        }\r\n      ]\r\n    },\r\n    {\r\n      \"title\": \"6 Month Subscription\",\r\n      \"price\": \"$39\",\r\n      \"note\": \"Billed every 6 months\",\r\n      \"discount\": \"Save $60\",\r\n      \"testimonial\": \"For serious long-term prep - 6 month is your total success toolkit.\",\r\n      \"action\": {\r\n        \"text\": \"Start Now\",\r\n        \"url\": \"https:\/\/www.petersons.com\/testprep\/checkout\/?add-to-cart=49416&variation_id=49422\"\r\n      },\r\n      \"included\": [\r\n        {\r\n          \"text\": \"Includes Everything in 1-Month Subscription\"\r\n        },\r\n        {\r\n          \"star\": true,\r\n          \"text\": \"270 Minutes of Live, Online Tutoring\"\r\n        },\r\n        {\r\n          \"star\": true,\r\n          \"text\": \"1 Writing or Essay Review Each Month\"\r\n        }\r\n      ]\r\n    }\r\n  ]\r\n}","subscriptions_v2_disclaimer":""},{"acf_fc_layout":"flex_faq_section","flex_faqs_new":{"flex_faqs_new_background_color":"","flex_faqs_new_font_color":"","flex_faqs_new_subtitle_font_color":"","flex_faqs_new_title":"Preguntas M\u00e1s Frecuentes","flex_faqs_new_subtitle":" \u00bfTIENE ALGUNA PREGUNTA?","flex_faqs_new_faq":[{"flex_faqs_new_faq_question":"<strong>\u00bfQu\u00e9 es el GED espa\u00f1ol?<\/strong>","flex_faqs_new_faq_answer":"El GED\u2014o Examen de Desarrollo Educativo General\u2014eval\u00faa el conocimiento de un individuo sobre conceptos de nivel de escuela secundaria en cuatro \u00e1reas tem\u00e1ticas: razonamiento de artes ling\u00fc\u00edsticas, razonamiento matem\u00e1tico, ciencia y estudios sociales. Una credencial GED es generalmente aceptada por los empleadores y las universidades en lugar de un diploma de la escuela secundaria."},{"flex_faqs_new_faq_question":"<strong>\u00bfQui\u00e9n es elegible para el GED espa\u00f1ol?<\/strong>","flex_faqs_new_faq_answer":"Para ser elegible para el examen GED, usted debe tener 16 a\u00f1os o m\u00e1s y no estar actualmente inscrito en la escuela secundaria. Es para cualquier persona mayor de 16 a\u00f1os que no haya obtenido un diploma de secundaria. El examen GED ofrece la oportunidad de obtener una certificaci\u00f3n o diploma ampliamente reconocido como equivalente a un diploma de la escuela secundaria, lo que indica que usted tiene las mismas habilidades que alguien que ha completado la escuela secundaria."},{"flex_faqs_new_faq_question":"<strong>\u00bfD\u00f3nde puedo tomar el GED espa\u00f1ol?<\/strong>","flex_faqs_new_faq_answer":"Los centros de ex\u00e1menes oficiales de todo el pa\u00eds ofrecen servicios de pruebas de GED. Para encontrar una ubicaci\u00f3n conveniente cerca de usted, simplemente visite el sitio oficial de GED y abra una cuenta."},{"flex_faqs_new_faq_question":"<strong>\u00bfPuedo tomar el ex\u00e1men GED espa\u00f1ol en l\u00ednea?<\/strong>","flex_faqs_new_faq_answer":"S\u00ed. Si no desea viajar a un centro de ex\u00e1men, puede realizar el ex\u00e1men GED supervisado en l\u00ednea. Tendr\u00e1 que cumplir con ciertos requisitos de elegibilidad, incluyendo aprobar un ex\u00e1men de pr\u00e1ctica GED en l\u00ednea para cada tema del GED."},{"flex_faqs_new_faq_question":"<strong>\u00bfCu\u00e1nto dura el examen GED de espa\u00f1ol?<\/strong>","flex_faqs_new_faq_answer":"El examen GED consta de cuatro secciones diferentes, cada una de las cuales dura una hora. Usted puede elegir tomar cada secci\u00f3n independientemente o las cuatro secciones a la vez."},{"flex_faqs_new_faq_question":"<strong>\u00bfQu\u00e9 puntuaci\u00f3n se necesita para pasar el GED en espa\u00f1ol?<\/strong>","flex_faqs_new_faq_answer":"El GED se punt\u00faa en una escala de 100 a 200. Una puntuaci\u00f3n de 145 o superior se considera una puntuaci\u00f3n que pasa en el examen GED. Sin embargo, hay diferentes categor\u00edas de puntuaci\u00f3n que podr\u00edan afectar a su futura carrera acad\u00e9mica o profesional. Estas son las cuatro categor\u00edas:\r\n<ul>\r\n \t<li>Puntuaci\u00f3n debajo de aprobaci\u00f3n: 100-144<\/li>\r\n \t<li>Puntuaci\u00f3n de aprobaci\u00f3n: 145-164<\/li>\r\n \t<li>Puntuaci\u00f3n de preparaci\u00f3n para la Universidad: 165- 170<\/li>\r\n \t<li>Puntuaci\u00f3n de preparaci\u00f3n para la Universidad y obtener creditos: 175-200<\/li>\r\n<\/ul>"},{"flex_faqs_new_faq_question":"<strong>\u00bfEs dif\u00edcil pasar el GED espa\u00f1ol?<\/strong>","flex_faqs_new_faq_answer":"Obtener una puntuaci\u00f3n de aprobaci\u00f3n en el examen GED puede ser un reto, especialmente si tiene poco o ning\u00fan conocimiento a fondo en las \u00e1reas tem\u00e1ticas que se eval\u00faan. Sin embargo, con una preparaci\u00f3n adecuada, puede estar preparado para el GED. Recomendamos por lo menos 6 semanas de tiempo de estudio con las preguntas de pr\u00e1ctica y los recursos para el examen Petersons antes del d\u00eda del examen."},{"flex_faqs_new_faq_question":"<strong>\u00bfCu\u00e1nto cuesta el GED?<\/strong>","flex_faqs_new_faq_answer":"Normalmente, hay una peque\u00f1a tarifa por \u00e1rea tem\u00e1tica, y estos costos var\u00edan seg\u00fan el estado donde tome el ex\u00e1men. Usted puede encontrar la cuota de prueba de su estado en el sitio web del Servicio de Pruebas GED."}]}},{"acf_fc_layout":"flex_cta_section","flex_cta_new":{"flex_cta_new_background_color":"","flex_cta_new_font_color":"","flex_cta_new_subtitle_font_color":"","flex_cta_new_title":"Obt\u00e9n acceso ilimitado","flex_cta_new_subtitle":"\u00bfPor qu\u00e9 conformarse con uno solo?","flex_cta_new_content":"Tu suscripci\u00f3n te da acceso ilimitado a m\u00e1s de 250 cursos y ex\u00e1menes de pr\u00e1ctica para que puedas prepararte para los ex\u00e1menes, sobresalir en tus clases, obtener cr\u00e9ditos universitarios y alcanzar tus objetivos.","flex_cta_new_button_text":"Empieza ahora","flex_cta_new_button_url":"https:\/\/www.petersons.com\/testprep\/subscribe\/","flex_cta_new_button_variation":"orange"}}]},"yoast_head":"<!-- This site is optimized with the Yoast SEO Premium plugin v26.1 (Yoast SEO v27.2) - https:\/\/yoast.com\/product\/yoast-seo-premium-wordpress\/ -->\n<title>Ex\u00e1menes de Pr\u00e1ctica del GED en Espa\u00f1ol | GED Test Prep<\/title>\n<meta name=\"description\" content=\"Working towards a GED? Sharpen your knowledge with full-length exams plus detailed answer explanations in Ex\u00e1menes de Pr\u00e1ctica del GED en Espa\u00f1ol.\" \/>\n<meta name=\"robots\" content=\"index, follow, max-snippet:-1, max-image-preview:large, max-video-preview:-1\" \/>\n<link rel=\"canonical\" href=\"https:\/\/www.petersons.com\/testprep\/product\/examenes-de-practica-del-ged-en-espanol\/\" \/>\n<meta property=\"og:locale\" content=\"en_US\" \/>\n<meta property=\"og:type\" content=\"article\" \/>\n<meta property=\"og:title\" content=\"Ex\u00e1menes de Pr\u00e1ctica del GED en Espa\u00f1ol\" \/>\n<meta property=\"og:description\" content=\"Working towards a GED? Sharpen your knowledge with full-length exams plus detailed answer explanations in Ex\u00e1menes de Pr\u00e1ctica del GED en Espa\u00f1ol.\" \/>\n<meta property=\"og:url\" content=\"https:\/\/www.petersons.com\/testprep\/product\/examenes-de-practica-del-ged-en-espanol\/\" \/>\n<meta property=\"og:site_name\" content=\"Peterson&#039;s Test Prep\" \/>\n<meta property=\"article:publisher\" content=\"https:\/\/www.facebook.com\/petersons\" \/>\n<meta property=\"article:modified_time\" content=\"2025-12-17T15:49:32+00:00\" \/>\n<meta property=\"og:image\" content=\"https:\/\/wp-media.petersons.com\/testprep\/wp-content\/uploads\/2018\/04\/08173524\/certificate.png\" \/>\n\t<meta property=\"og:image:width\" content=\"200\" \/>\n\t<meta property=\"og:image:height\" content=\"200\" \/>\n\t<meta property=\"og:image:type\" content=\"image\/png\" \/>\n<meta name=\"twitter:card\" content=\"summary_large_image\" \/>\n<meta name=\"twitter:site\" content=\"@Petersons\" \/>\n<meta name=\"twitter:label1\" content=\"Est. reading time\" \/>\n\t<meta name=\"twitter:data1\" content=\"21 minutes\" \/>\n<script type=\"application\/ld+json\" class=\"yoast-schema-graph\">{\"@context\":\"https:\/\/schema.org\",\"@graph\":[{\"@type\":\"WebPage\",\"@id\":\"https:\/\/www.petersons.com\/testprep\/product\/examenes-de-practica-del-ged-en-espanol\/\",\"url\":\"https:\/\/www.petersons.com\/testprep\/product\/examenes-de-practica-del-ged-en-espanol\/\",\"name\":\"Ex\u00e1menes de Pr\u00e1ctica del GED en Espa\u00f1ol | GED Test Prep\",\"isPartOf\":{\"@id\":\"https:\/\/www.petersons.com\/testprep\/#website\"},\"primaryImageOfPage\":{\"@id\":\"https:\/\/www.petersons.com\/testprep\/product\/examenes-de-practica-del-ged-en-espanol\/#primaryimage\"},\"image\":{\"@id\":\"https:\/\/www.petersons.com\/testprep\/product\/examenes-de-practica-del-ged-en-espanol\/#primaryimage\"},\"thumbnailUrl\":\"https:\/\/wp-media.petersons.com\/testprep\/wp-content\/uploads\/2018\/04\/08173524\/certificate.png\",\"datePublished\":\"2020-08-05T16:46:07+00:00\",\"dateModified\":\"2025-12-17T15:49:32+00:00\",\"description\":\"Working towards a GED? Sharpen your knowledge with full-length exams plus detailed answer explanations in Ex\u00e1menes de Pr\u00e1ctica del GED en Espa\u00f1ol.\",\"breadcrumb\":{\"@id\":\"https:\/\/www.petersons.com\/testprep\/product\/examenes-de-practica-del-ged-en-espanol\/#breadcrumb\"},\"inLanguage\":\"en-US\",\"potentialAction\":[{\"@type\":\"ReadAction\",\"target\":[\"https:\/\/www.petersons.com\/testprep\/product\/examenes-de-practica-del-ged-en-espanol\/\"]}]},{\"@type\":\"ImageObject\",\"inLanguage\":\"en-US\",\"@id\":\"https:\/\/www.petersons.com\/testprep\/product\/examenes-de-practica-del-ged-en-espanol\/#primaryimage\",\"url\":\"https:\/\/wp-media.petersons.com\/testprep\/wp-content\/uploads\/2018\/04\/08173524\/certificate.png\",\"contentUrl\":\"https:\/\/wp-media.petersons.com\/testprep\/wp-content\/uploads\/2018\/04\/08173524\/certificate.png\",\"width\":200,\"height\":200,\"caption\":\"certificate icon\"},{\"@type\":\"BreadcrumbList\",\"@id\":\"https:\/\/www.petersons.com\/testprep\/product\/examenes-de-practica-del-ged-en-espanol\/#breadcrumb\",\"itemListElement\":[{\"@type\":\"ListItem\",\"position\":1,\"name\":\"Home\",\"item\":\"https:\/\/www.petersons.com\/testprep\/\"},{\"@type\":\"ListItem\",\"position\":2,\"name\":\"Peterson&#8217;s Test Prep, Exam Study Guides &#038; Practice Tests\",\"item\":\"https:\/\/www.petersons.com\/testprep\/shop\/\"},{\"@type\":\"ListItem\",\"position\":3,\"name\":\"Ex\u00e1menes de Pr\u00e1ctica del GED en Espa\u00f1ol\"}]},{\"@type\":\"WebSite\",\"@id\":\"https:\/\/www.petersons.com\/testprep\/#website\",\"url\":\"https:\/\/www.petersons.com\/testprep\/\",\"name\":\"Peterson&#039;s Test Prep\",\"description\":\"Peterson&#039;s Test Prep Courses and Practice Tests Make It Easy\",\"publisher\":{\"@id\":\"https:\/\/www.petersons.com\/testprep\/#organization\"},\"potentialAction\":[{\"@type\":\"SearchAction\",\"target\":{\"@type\":\"EntryPoint\",\"urlTemplate\":\"https:\/\/www.petersons.com\/testprep\/?s={search_term_string}\"},\"query-input\":{\"@type\":\"PropertyValueSpecification\",\"valueRequired\":true,\"valueName\":\"search_term_string\"}}],\"inLanguage\":\"en-US\"},{\"@type\":\"Organization\",\"@id\":\"https:\/\/www.petersons.com\/testprep\/#organization\",\"name\":\"Peterson's\",\"url\":\"https:\/\/www.petersons.com\/testprep\/\",\"logo\":{\"@type\":\"ImageObject\",\"inLanguage\":\"en-US\",\"@id\":\"https:\/\/www.petersons.com\/testprep\/#\/schema\/logo\/image\/\",\"url\":\"https:\/\/www.petersons.com\/testprep\/wp-content\/uploads\/2019\/08\/petersons-logo.png\",\"contentUrl\":\"https:\/\/www.petersons.com\/testprep\/wp-content\/uploads\/2019\/08\/petersons-logo.png\",\"width\":178,\"height\":177,\"caption\":\"Peterson's\"},\"image\":{\"@id\":\"https:\/\/www.petersons.com\/testprep\/#\/schema\/logo\/image\/\"},\"sameAs\":[\"https:\/\/www.facebook.com\/petersons\",\"https:\/\/x.com\/Petersons\",\"https:\/\/www.linkedin.com\/company\/peterson's\",\"https:\/\/www.youtube.com\/channel\/UC7nEhBBUJjeArRQUIQc8Dkg\",\"https:\/\/en.wikipedia.org\/wiki\/Peterson's\"]}]}<\/script>\n<!-- \/ Yoast SEO Premium plugin. -->","yoast_head_json":{"title":"Ex\u00e1menes de Pr\u00e1ctica del GED en Espa\u00f1ol | GED Test Prep","description":"Working towards a GED? Sharpen your knowledge with full-length exams plus detailed answer explanations in Ex\u00e1menes de Pr\u00e1ctica del GED en Espa\u00f1ol.","robots":{"index":"index","follow":"follow","max-snippet":"max-snippet:-1","max-image-preview":"max-image-preview:large","max-video-preview":"max-video-preview:-1"},"canonical":"https:\/\/www.petersons.com\/testprep\/product\/examenes-de-practica-del-ged-en-espanol\/","og_locale":"en_US","og_type":"article","og_title":"Ex\u00e1menes de Pr\u00e1ctica del GED en Espa\u00f1ol","og_description":"Working towards a GED? Sharpen your knowledge with full-length exams plus detailed answer explanations in Ex\u00e1menes de Pr\u00e1ctica del GED en Espa\u00f1ol.","og_url":"https:\/\/www.petersons.com\/testprep\/product\/examenes-de-practica-del-ged-en-espanol\/","og_site_name":"Peterson&#039;s Test Prep","article_publisher":"https:\/\/www.facebook.com\/petersons","article_modified_time":"2025-12-17T15:49:32+00:00","og_image":[{"width":200,"height":200,"url":"https:\/\/wp-media.petersons.com\/testprep\/wp-content\/uploads\/2018\/04\/08173524\/certificate.png","type":"image\/png"}],"twitter_card":"summary_large_image","twitter_site":"@Petersons","twitter_misc":{"Est. reading time":"21 minutes"},"schema":{"@context":"https:\/\/schema.org","@graph":[{"@type":"WebPage","@id":"https:\/\/www.petersons.com\/testprep\/product\/examenes-de-practica-del-ged-en-espanol\/","url":"https:\/\/www.petersons.com\/testprep\/product\/examenes-de-practica-del-ged-en-espanol\/","name":"Ex\u00e1menes de Pr\u00e1ctica del GED en Espa\u00f1ol | GED Test Prep","isPartOf":{"@id":"https:\/\/www.petersons.com\/testprep\/#website"},"primaryImageOfPage":{"@id":"https:\/\/www.petersons.com\/testprep\/product\/examenes-de-practica-del-ged-en-espanol\/#primaryimage"},"image":{"@id":"https:\/\/www.petersons.com\/testprep\/product\/examenes-de-practica-del-ged-en-espanol\/#primaryimage"},"thumbnailUrl":"https:\/\/wp-media.petersons.com\/testprep\/wp-content\/uploads\/2018\/04\/08173524\/certificate.png","datePublished":"2020-08-05T16:46:07+00:00","dateModified":"2025-12-17T15:49:32+00:00","description":"Working towards a GED? Sharpen your knowledge with full-length exams plus detailed answer explanations in Ex\u00e1menes de Pr\u00e1ctica del GED en Espa\u00f1ol.","breadcrumb":{"@id":"https:\/\/www.petersons.com\/testprep\/product\/examenes-de-practica-del-ged-en-espanol\/#breadcrumb"},"inLanguage":"en-US","potentialAction":[{"@type":"ReadAction","target":["https:\/\/www.petersons.com\/testprep\/product\/examenes-de-practica-del-ged-en-espanol\/"]}]},{"@type":"ImageObject","inLanguage":"en-US","@id":"https:\/\/www.petersons.com\/testprep\/product\/examenes-de-practica-del-ged-en-espanol\/#primaryimage","url":"https:\/\/wp-media.petersons.com\/testprep\/wp-content\/uploads\/2018\/04\/08173524\/certificate.png","contentUrl":"https:\/\/wp-media.petersons.com\/testprep\/wp-content\/uploads\/2018\/04\/08173524\/certificate.png","width":200,"height":200,"caption":"certificate icon"},{"@type":"BreadcrumbList","@id":"https:\/\/www.petersons.com\/testprep\/product\/examenes-de-practica-del-ged-en-espanol\/#breadcrumb","itemListElement":[{"@type":"ListItem","position":1,"name":"Home","item":"https:\/\/www.petersons.com\/testprep\/"},{"@type":"ListItem","position":2,"name":"Peterson&#8217;s Test Prep, Exam Study Guides &#038; Practice Tests","item":"https:\/\/www.petersons.com\/testprep\/shop\/"},{"@type":"ListItem","position":3,"name":"Ex\u00e1menes de Pr\u00e1ctica del GED en Espa\u00f1ol"}]},{"@type":"WebSite","@id":"https:\/\/www.petersons.com\/testprep\/#website","url":"https:\/\/www.petersons.com\/testprep\/","name":"Peterson&#039;s Test Prep","description":"Peterson&#039;s Test Prep Courses and Practice Tests Make It Easy","publisher":{"@id":"https:\/\/www.petersons.com\/testprep\/#organization"},"potentialAction":[{"@type":"SearchAction","target":{"@type":"EntryPoint","urlTemplate":"https:\/\/www.petersons.com\/testprep\/?s={search_term_string}"},"query-input":{"@type":"PropertyValueSpecification","valueRequired":true,"valueName":"search_term_string"}}],"inLanguage":"en-US"},{"@type":"Organization","@id":"https:\/\/www.petersons.com\/testprep\/#organization","name":"Peterson's","url":"https:\/\/www.petersons.com\/testprep\/","logo":{"@type":"ImageObject","inLanguage":"en-US","@id":"https:\/\/www.petersons.com\/testprep\/#\/schema\/logo\/image\/","url":"https:\/\/www.petersons.com\/testprep\/wp-content\/uploads\/2019\/08\/petersons-logo.png","contentUrl":"https:\/\/www.petersons.com\/testprep\/wp-content\/uploads\/2019\/08\/petersons-logo.png","width":178,"height":177,"caption":"Peterson's"},"image":{"@id":"https:\/\/www.petersons.com\/testprep\/#\/schema\/logo\/image\/"},"sameAs":["https:\/\/www.facebook.com\/petersons","https:\/\/x.com\/Petersons","https:\/\/www.linkedin.com\/company\/peterson's","https:\/\/www.youtube.com\/channel\/UC7nEhBBUJjeArRQUIQc8Dkg","https:\/\/en.wikipedia.org\/wiki\/Peterson's"]}]}},"categories_names":[],"_links":{"self":[{"href":"https:\/\/www.petersons.com\/testprep\/wp-json\/wp\/v2\/product\/132844","targetHints":{"allow":["GET"]}}],"collection":[{"href":"https:\/\/www.petersons.com\/testprep\/wp-json\/wp\/v2\/product"}],"about":[{"href":"https:\/\/www.petersons.com\/testprep\/wp-json\/wp\/v2\/types\/product"}],"replies":[{"embeddable":true,"href":"https:\/\/www.petersons.com\/testprep\/wp-json\/wp\/v2\/comments?post=132844"}],"version-history":[{"count":7,"href":"https:\/\/www.petersons.com\/testprep\/wp-json\/wp\/v2\/product\/132844\/revisions"}],"predecessor-version":[{"id":339193,"href":"https:\/\/www.petersons.com\/testprep\/wp-json\/wp\/v2\/product\/132844\/revisions\/339193"}],"wp:featuredmedia":[{"embeddable":true,"href":"https:\/\/www.petersons.com\/testprep\/wp-json\/wp\/v2\/media\/8208"}],"wp:attachment":[{"href":"https:\/\/www.petersons.com\/testprep\/wp-json\/wp\/v2\/media?parent=132844"}],"wp:term":[{"taxonomy":"app","embeddable":true,"href":"https:\/\/www.petersons.com\/testprep\/wp-json\/wp\/v2\/app?post=132844"},{"taxonomy":"product_brand","embeddable":true,"href":"https:\/\/www.petersons.com\/testprep\/wp-json\/wp\/v2\/product_brand?post=132844"},{"taxonomy":"product_cat","embeddable":true,"href":"https:\/\/www.petersons.com\/testprep\/wp-json\/wp\/v2\/product_cat?post=132844"},{"taxonomy":"product_tag","embeddable":true,"href":"https:\/\/www.petersons.com\/testprep\/wp-json\/wp\/v2\/product_tag?post=132844"}],"curies":[{"name":"wp","href":"https:\/\/api.w.org\/{rel}","templated":true}]}}